{"id":35,"date":"2022-07-01T18:23:31","date_gmt":"2022-07-01T18:23:31","guid":{"rendered":"https:\/\/distribuidoraepso.com.ar\/dysepso\/?page_id=35"},"modified":"2023-06-09T19:08:49","modified_gmt":"2023-06-09T19:08:49","slug":"home","status":"publish","type":"page","link":"https:\/\/distribuidoraepso.com.ar\/dysepso\/","title":{"rendered":"Home"},"content":{"rendered":"\t\t<div data-elementor-type=\"wp-page\" data-elementor-id=\"35\" class=\"elementor elementor-35\">\n\t\t\t\t\t\t<section class=\"elementor-section elementor-top-section elementor-element elementor-element-519de91 elementor-section-stretched elementor-section-boxed elementor-section-height-default elementor-section-height-default\" data-id=\"519de91\" data-element_type=\"section\" data-e-type=\"section\" data-settings=\"{&quot;stretch_section&quot;:&quot;section-stretched&quot;}\">\n\t\t\t\t\t\t<div class=\"elementor-container elementor-column-gap-no\">\n\t\t\t\t\t<div class=\"elementor-column elementor-col-100 elementor-top-column elementor-element elementor-element-fb2a11c\" data-id=\"fb2a11c\" data-element_type=\"column\" data-e-type=\"column\">\n\t\t\t<div class=\"elementor-widget-wrap elementor-element-populated\">\n\t\t\t\t\t\t<div class=\"elementor-element elementor-element-42a717c elementor-absolute elementor-widget elementor-widget-spacer\" data-id=\"42a717c\" data-element_type=\"widget\" data-e-type=\"widget\" data-settings=\"{&quot;_position&quot;:&quot;absolute&quot;}\" data-widget_type=\"spacer.default\">\n\t\t\t\t<div class=\"elementor-widget-container\">\n\t\t\t\t\t\t\t<div class=\"elementor-spacer\">\n\t\t\t<div class=\"elementor-spacer-inner\"><\/div>\n\t\t<\/div>\n\t\t\t\t\t\t<\/div>\n\t\t\t\t<\/div>\n\t\t\t\t<section class=\"elementor-section elementor-inner-section elementor-element elementor-element-d933b4e elementor-section-boxed elementor-section-height-default elementor-section-height-default\" data-id=\"d933b4e\" data-element_type=\"section\" data-e-type=\"section\">\n\t\t\t\t\t\t<div class=\"elementor-container elementor-column-gap-default\">\n\t\t\t\t\t<div class=\"elementor-column elementor-col-100 elementor-inner-column elementor-element elementor-element-d42e66f\" data-id=\"d42e66f\" data-element_type=\"column\" data-e-type=\"column\">\n\t\t\t<div class=\"elementor-widget-wrap\">\n\t\t\t\t\t\t\t<\/div>\n\t\t<\/div>\n\t\t\t\t\t<\/div>\n\t\t<\/section>\n\t\t\t\t<div class=\"elementor-element elementor-element-35a8c09 elementor-widget__width-initial elementor-widget elementor-widget-text-editor\" data-id=\"35a8c09\" data-element_type=\"widget\" data-e-type=\"widget\" data-widget_type=\"text-editor.default\">\n\t\t\t\t<div class=\"elementor-widget-container\">\n\t\t\t\t\t\t\t\t\t<p>Somos DYS EPSO SRL., Distribuidora joven nacida en 2019 a instancias de nuestro innovador producto DUN DUN (Adhesivo de mamposter\u00edas), producto de origen brasilero de la Empresa FCC, especialistas en adhesivos y con m\u00e1s de 20 a\u00f1os en el mercado.<\/p><p>Dise\u00f1amos y organizamos nuestra empresa en plena pandemia y comenzamos a comercializar en 2020 con los inconvenientes del momento. Los buenos resultados obtenidos nos dieron el empuje para continuar con todas las fuerzas y afianzarnos en el mercado local, incorporando luego el DUN DUN Revestimientos (Adhesivos para cer\u00e1micos).<\/p><p>En el rubro indumentaria comercializaciones ropa de trabajo standard y personalizada con telas y procesos de calidad, fabricadas por nosotros mismos.<\/p>\t\t\t\t\t\t\t\t<\/div>\n\t\t\t\t<\/div>\n\t\t\t\t<div class=\"elementor-element elementor-element-62caffe elementor-absolute elementor-widget elementor-widget-spacer\" data-id=\"62caffe\" data-element_type=\"widget\" data-e-type=\"widget\" data-settings=\"{&quot;_position&quot;:&quot;absolute&quot;}\" data-widget_type=\"spacer.default\">\n\t\t\t\t<div class=\"elementor-widget-container\">\n\t\t\t\t\t\t\t<div class=\"elementor-spacer\">\n\t\t\t<div class=\"elementor-spacer-inner\"><\/div>\n\t\t<\/div>\n\t\t\t\t\t\t<\/div>\n\t\t\t\t<\/div>\n\t\t\t\t<div class=\"elementor-element elementor-element-5977836 elementor-widget-divider--view-line elementor-widget elementor-widget-divider\" data-id=\"5977836\" data-element_type=\"widget\" data-e-type=\"widget\" data-widget_type=\"divider.default\">\n\t\t\t\t<div class=\"elementor-widget-container\">\n\t\t\t\t\t\t\t<div class=\"elementor-divider\">\n\t\t\t<span class=\"elementor-divider-separator\">\n\t\t\t\t\t\t<\/span>\n\t\t<\/div>\n\t\t\t\t\t\t<\/div>\n\t\t\t\t<\/div>\n\t\t\t\t<div class=\"elementor-element elementor-element-866cd0f elementor-widget elementor-widget-image\" data-id=\"866cd0f\" data-element_type=\"widget\" data-e-type=\"widget\" data-widget_type=\"image.default\">\n\t\t\t\t<div class=\"elementor-widget-container\">\n\t\t\t\t\t\t\t\t\t\t\t\t\t\t\t<img fetchpriority=\"high\" decoding=\"async\" width=\"1584\" height=\"320\" src=\"https:\/\/distribuidoraepso.com.ar\/dysepso\/wp-content\/uploads\/2023\/04\/banner-web-epso-1584-\u00d7-320-px-4.png\" class=\"attachment-full size-full wp-image-565\" alt=\"\" srcset=\"https:\/\/distribuidoraepso.com.ar\/dysepso\/wp-content\/uploads\/2023\/04\/banner-web-epso-1584-\u00d7-320-px-4.png 1584w, https:\/\/distribuidoraepso.com.ar\/dysepso\/wp-content\/uploads\/2023\/04\/banner-web-epso-1584-\u00d7-320-px-4-300x61.png 300w, https:\/\/distribuidoraepso.com.ar\/dysepso\/wp-content\/uploads\/2023\/04\/banner-web-epso-1584-\u00d7-320-px-4-1024x207.png 1024w, https:\/\/distribuidoraepso.com.ar\/dysepso\/wp-content\/uploads\/2023\/04\/banner-web-epso-1584-\u00d7-320-px-4-768x155.png 768w, https:\/\/distribuidoraepso.com.ar\/dysepso\/wp-content\/uploads\/2023\/04\/banner-web-epso-1584-\u00d7-320-px-4-1536x310.png 1536w, https:\/\/distribuidoraepso.com.ar\/dysepso\/wp-content\/uploads\/2023\/04\/banner-web-epso-1584-\u00d7-320-px-4-1140x230.png 1140w, https:\/\/distribuidoraepso.com.ar\/dysepso\/wp-content\/uploads\/2023\/04\/banner-web-epso-1584-\u00d7-320-px-4-920x186.png 920w, https:\/\/distribuidoraepso.com.ar\/dysepso\/wp-content\/uploads\/2023\/04\/banner-web-epso-1584-\u00d7-320-px-4-575x116.png 575w, https:\/\/distribuidoraepso.com.ar\/dysepso\/wp-content\/uploads\/2023\/04\/banner-web-epso-1584-\u00d7-320-px-4-380x77.png 380w\" sizes=\"(max-width: 1584px) 100vw, 1584px\" \/>\t\t\t\t\t\t\t\t\t\t\t\t\t\t\t<\/div>\n\t\t\t\t<\/div>\n\t\t\t\t<div class=\"elementor-element elementor-element-b065528 elementor-widget-divider--view-line elementor-widget elementor-widget-divider\" data-id=\"b065528\" data-element_type=\"widget\" data-e-type=\"widget\" data-widget_type=\"divider.default\">\n\t\t\t\t<div class=\"elementor-widget-container\">\n\t\t\t\t\t\t\t<div class=\"elementor-divider\">\n\t\t\t<span class=\"elementor-divider-separator\">\n\t\t\t\t\t\t<\/span>\n\t\t<\/div>\n\t\t\t\t\t\t<\/div>\n\t\t\t\t<\/div>\n\t\t\t\t<section class=\"elementor-section elementor-inner-section elementor-element elementor-element-e20f645 elementor-section-boxed elementor-section-height-default elementor-section-height-default\" data-id=\"e20f645\" data-element_type=\"section\" data-e-type=\"section\">\n\t\t\t\t\t\t<div class=\"elementor-container elementor-column-gap-default\">\n\t\t\t\t\t<div class=\"elementor-column elementor-col-33 elementor-inner-column elementor-element elementor-element-12564cd\" data-id=\"12564cd\" data-element_type=\"column\" data-e-type=\"column\">\n\t\t\t<div class=\"elementor-widget-wrap elementor-element-populated\">\n\t\t\t\t\t\t<div class=\"elementor-element elementor-element-b6797df elementor-widget-mobile__width-initial elementor-widget elementor-widget-spacer\" data-id=\"b6797df\" data-element_type=\"widget\" data-e-type=\"widget\" data-widget_type=\"spacer.default\">\n\t\t\t\t<div class=\"elementor-widget-container\">\n\t\t\t\t\t\t\t<div class=\"elementor-spacer\">\n\t\t\t<div class=\"elementor-spacer-inner\"><\/div>\n\t\t<\/div>\n\t\t\t\t\t\t<\/div>\n\t\t\t\t<\/div>\n\t\t\t\t<div class=\"elementor-element elementor-element-f4d8f20 elementor-widget elementor-widget-image\" data-id=\"f4d8f20\" data-element_type=\"widget\" data-e-type=\"widget\" data-widget_type=\"image.default\">\n\t\t\t\t<div class=\"elementor-widget-container\">\n\t\t\t\t\t\t\t\t\t\t\t\t\t\t\t<img decoding=\"async\" width=\"293\" height=\"300\" src=\"https:\/\/distribuidoraepso.com.ar\/dysepso\/wp-content\/uploads\/2022\/09\/001-e1682097661641-293x300.jpg\" class=\"attachment-medium size-medium wp-image-207\" alt=\"\" srcset=\"https:\/\/distribuidoraepso.com.ar\/dysepso\/wp-content\/uploads\/2022\/09\/001-e1682097661641-293x300.jpg 293w, https:\/\/distribuidoraepso.com.ar\/dysepso\/wp-content\/uploads\/2022\/09\/001-e1682097661641-768x786.jpg 768w, https:\/\/distribuidoraepso.com.ar\/dysepso\/wp-content\/uploads\/2022\/09\/001-e1682097661641-920x941.jpg 920w, https:\/\/distribuidoraepso.com.ar\/dysepso\/wp-content\/uploads\/2022\/09\/001-e1682097661641-575x588.jpg 575w, https:\/\/distribuidoraepso.com.ar\/dysepso\/wp-content\/uploads\/2022\/09\/001-e1682097661641-380x389.jpg 380w, https:\/\/distribuidoraepso.com.ar\/dysepso\/wp-content\/uploads\/2022\/09\/001-e1682097661641.jpg 953w\" sizes=\"(max-width: 293px) 100vw, 293px\" \/>\t\t\t\t\t\t\t\t\t\t\t\t\t\t\t<\/div>\n\t\t\t\t<\/div>\n\t\t\t\t\t<\/div>\n\t\t<\/div>\n\t\t\t\t<div class=\"elementor-column elementor-col-33 elementor-inner-column elementor-element elementor-element-82d6fcc\" data-id=\"82d6fcc\" data-element_type=\"column\" data-e-type=\"column\">\n\t\t\t<div class=\"elementor-widget-wrap elementor-element-populated\">\n\t\t\t\t\t\t<div class=\"elementor-element elementor-element-b21a1bc elementor-hidden-mobile elementor-widget elementor-widget-spacer\" data-id=\"b21a1bc\" data-element_type=\"widget\" data-e-type=\"widget\" data-widget_type=\"spacer.default\">\n\t\t\t\t<div class=\"elementor-widget-container\">\n\t\t\t\t\t\t\t<div class=\"elementor-spacer\">\n\t\t\t<div class=\"elementor-spacer-inner\"><\/div>\n\t\t<\/div>\n\t\t\t\t\t\t<\/div>\n\t\t\t\t<\/div>\n\t\t\t\t<div class=\"elementor-element elementor-element-6c8dc03 elementor-widget elementor-widget-image\" data-id=\"6c8dc03\" data-element_type=\"widget\" data-e-type=\"widget\" data-widget_type=\"image.default\">\n\t\t\t\t<div class=\"elementor-widget-container\">\n\t\t\t\t\t\t\t\t\t\t\t\t\t\t\t<img decoding=\"async\" src=\"https:\/\/distribuidoraepso.com.ar\/dysepso\/wp-content\/uploads\/elementor\/thumbs\/16x9-8-2-scaled-e1682097614366-q5clpcv1p5yeviwfi8g8vnlvb3lsiu519ndqd96rp4.jpg\" title=\"16&#215;9 (8)\" alt=\"16x9 (8)\" loading=\"lazy\" \/>\t\t\t\t\t\t\t\t\t\t\t\t\t\t\t<\/div>\n\t\t\t\t<\/div>\n\t\t\t\t\t<\/div>\n\t\t<\/div>\n\t\t\t\t<div class=\"elementor-column elementor-col-33 elementor-inner-column elementor-element elementor-element-378205b\" data-id=\"378205b\" data-element_type=\"column\" data-e-type=\"column\">\n\t\t\t<div class=\"elementor-widget-wrap elementor-element-populated\">\n\t\t\t\t\t\t<div class=\"elementor-element elementor-element-b232f54 elementor-hidden-mobile elementor-widget elementor-widget-spacer\" data-id=\"b232f54\" data-element_type=\"widget\" data-e-type=\"widget\" data-widget_type=\"spacer.default\">\n\t\t\t\t<div class=\"elementor-widget-container\">\n\t\t\t\t\t\t\t<div class=\"elementor-spacer\">\n\t\t\t<div class=\"elementor-spacer-inner\"><\/div>\n\t\t<\/div>\n\t\t\t\t\t\t<\/div>\n\t\t\t\t<\/div>\n\t\t\t\t<div class=\"elementor-element elementor-element-4796103 elementor-widget elementor-widget-image\" data-id=\"4796103\" data-element_type=\"widget\" data-e-type=\"widget\" data-widget_type=\"image.default\">\n\t\t\t\t<div class=\"elementor-widget-container\">\n\t\t\t\t\t\t\t\t\t\t\t\t\t\t\t<img decoding=\"async\" width=\"300\" height=\"300\" src=\"https:\/\/distribuidoraepso.com.ar\/dysepso\/wp-content\/uploads\/2022\/09\/003-300x300.jpg\" class=\"attachment-medium size-medium wp-image-206\" alt=\"\" srcset=\"https:\/\/distribuidoraepso.com.ar\/dysepso\/wp-content\/uploads\/2022\/09\/003-300x300.jpg 300w, https:\/\/distribuidoraepso.com.ar\/dysepso\/wp-content\/uploads\/2022\/09\/003-150x150.jpg 150w, https:\/\/distribuidoraepso.com.ar\/dysepso\/wp-content\/uploads\/2022\/09\/003-768x769.jpg 768w, https:\/\/distribuidoraepso.com.ar\/dysepso\/wp-content\/uploads\/2022\/09\/003-920x921.jpg 920w, https:\/\/distribuidoraepso.com.ar\/dysepso\/wp-content\/uploads\/2022\/09\/003-575x576.jpg 575w, https:\/\/distribuidoraepso.com.ar\/dysepso\/wp-content\/uploads\/2022\/09\/003-380x380.jpg 380w, https:\/\/distribuidoraepso.com.ar\/dysepso\/wp-content\/uploads\/2022\/09\/003.jpg 974w\" sizes=\"(max-width: 300px) 100vw, 300px\" \/>\t\t\t\t\t\t\t\t\t\t\t\t\t\t\t<\/div>\n\t\t\t\t<\/div>\n\t\t\t\t\t<\/div>\n\t\t<\/div>\n\t\t\t\t\t<\/div>\n\t\t<\/section>\n\t\t\t\t<div class=\"elementor-element elementor-element-3f639bc elementor-widget elementor-widget-spacer\" data-id=\"3f639bc\" data-element_type=\"widget\" data-e-type=\"widget\" data-widget_type=\"spacer.default\">\n\t\t\t\t<div class=\"elementor-widget-container\">\n\t\t\t\t\t\t\t<div class=\"elementor-spacer\">\n\t\t\t<div class=\"elementor-spacer-inner\"><\/div>\n\t\t<\/div>\n\t\t\t\t\t\t<\/div>\n\t\t\t\t<\/div>\n\t\t\t\t\t<\/div>\n\t\t<\/div>\n\t\t\t\t\t<\/div>\n\t\t<\/section>\n\t\t\t\t<\/div>\n\t\t","protected":false},"excerpt":{"rendered":"<p>Somos DYS EPSO SRL., Distribuidora joven nacida en 2019 a instancias de nuestro innovador producto DUN DUN (Adhesivo de mamposter\u00edas), producto de origen brasilero de la Empresa FCC, especialistas en [&hellip;]<\/p>\n","protected":false},"author":1,"featured_media":0,"parent":0,"menu_order":0,"comment_status":"closed","ping_status":"closed","template":"","meta":{"footnotes":""},"class_list":["post-35","page","type-page","status-publish","hentry"],"yoast_head":"<!-- This site is optimized with the Yoast SEO plugin v27.3 - https:\/\/yoast.com\/product\/yoast-seo-wordpress\/ -->\n<title>Home - DYSEPSO<\/title>\n<meta name=\"robots\" content=\"index, follow, max-snippet:-1, max-image-preview:large, max-video-preview:-1\" \/>\n<link rel=\"canonical\" href=\"https:\/\/distribuidoraepso.com.ar\/dysepso\/\" \/>\n<meta property=\"og:locale\" content=\"es_ES\" \/>\n<meta property=\"og:type\" content=\"article\" \/>\n<meta property=\"og:title\" content=\"Home - DYSEPSO\" \/>\n<meta property=\"og:description\" content=\"Somos DYS EPSO SRL., Distribuidora joven nacida en 2019 a instancias de nuestro innovador producto DUN DUN (Adhesivo de mamposter\u00edas), producto de origen brasilero de la Empresa FCC, especialistas en [&hellip;]\" \/>\n<meta property=\"og:url\" content=\"https:\/\/distribuidoraepso.com.ar\/dysepso\/\" \/>\n<meta property=\"og:site_name\" content=\"DYSEPSO\" \/>\n<meta property=\"article:modified_time\" content=\"2023-06-09T19:08:49+00:00\" \/>\n<meta property=\"og:image\" content=\"https:\/\/distribuidoraepso.com.ar\/dysepso\/wp-content\/uploads\/2022\/09\/001-e1682097661641-293x300.jpg\" \/>\n<meta name=\"twitter:card\" content=\"summary_large_image\" \/>\n<meta name=\"twitter:label1\" content=\"Tiempo de lectura\" \/>\n\t<meta name=\"twitter:data1\" content=\"2 minutos\" \/>\n<script type=\"application\/ld+json\" class=\"yoast-schema-graph\">{\"@context\":\"https:\\\/\\\/schema.org\",\"@graph\":[{\"@type\":\"WebPage\",\"@id\":\"https:\\\/\\\/distribuidoraepso.com.ar\\\/dysepso\\\/\",\"url\":\"https:\\\/\\\/distribuidoraepso.com.ar\\\/dysepso\\\/\",\"name\":\"Home - DYSEPSO\",\"isPartOf\":{\"@id\":\"https:\\\/\\\/distribuidoraepso.com.ar\\\/dysepso\\\/#website\"},\"primaryImageOfPage\":{\"@id\":\"https:\\\/\\\/distribuidoraepso.com.ar\\\/dysepso\\\/#primaryimage\"},\"image\":{\"@id\":\"https:\\\/\\\/distribuidoraepso.com.ar\\\/dysepso\\\/#primaryimage\"},\"thumbnailUrl\":\"https:\\\/\\\/distribuidoraepso.com.ar\\\/dysepso\\\/wp-content\\\/uploads\\\/2022\\\/09\\\/001-e1682097661641-293x300.jpg\",\"datePublished\":\"2022-07-01T18:23:31+00:00\",\"dateModified\":\"2023-06-09T19:08:49+00:00\",\"breadcrumb\":{\"@id\":\"https:\\\/\\\/distribuidoraepso.com.ar\\\/dysepso\\\/#breadcrumb\"},\"inLanguage\":\"es\",\"potentialAction\":[{\"@type\":\"ReadAction\",\"target\":[\"https:\\\/\\\/distribuidoraepso.com.ar\\\/dysepso\\\/\"]}]},{\"@type\":\"ImageObject\",\"inLanguage\":\"es\",\"@id\":\"https:\\\/\\\/distribuidoraepso.com.ar\\\/dysepso\\\/#primaryimage\",\"url\":\"https:\\\/\\\/distribuidoraepso.com.ar\\\/dysepso\\\/wp-content\\\/uploads\\\/2022\\\/09\\\/001-e1682097661641.jpg\",\"contentUrl\":\"https:\\\/\\\/distribuidoraepso.com.ar\\\/dysepso\\\/wp-content\\\/uploads\\\/2022\\\/09\\\/001-e1682097661641.jpg\",\"width\":953,\"height\":975},{\"@type\":\"BreadcrumbList\",\"@id\":\"https:\\\/\\\/distribuidoraepso.com.ar\\\/dysepso\\\/#breadcrumb\",\"itemListElement\":[{\"@type\":\"ListItem\",\"position\":1,\"name\":\"Portada\",\"item\":\"https:\\\/\\\/distribuidoraepso.com.ar\\\/dysepso\\\/\"},{\"@type\":\"ListItem\",\"position\":2,\"name\":\"Home\"}]},{\"@type\":\"WebSite\",\"@id\":\"https:\\\/\\\/distribuidoraepso.com.ar\\\/dysepso\\\/#website\",\"url\":\"https:\\\/\\\/distribuidoraepso.com.ar\\\/dysepso\\\/\",\"name\":\"DYSEPSO\",\"description\":\"\",\"publisher\":{\"@id\":\"https:\\\/\\\/distribuidoraepso.com.ar\\\/dysepso\\\/#organization\"},\"potentialAction\":[{\"@type\":\"SearchAction\",\"target\":{\"@type\":\"EntryPoint\",\"urlTemplate\":\"https:\\\/\\\/distribuidoraepso.com.ar\\\/dysepso\\\/?s={search_term_string}\"},\"query-input\":{\"@type\":\"PropertyValueSpecification\",\"valueRequired\":true,\"valueName\":\"search_term_string\"}}],\"inLanguage\":\"es\"},{\"@type\":\"Organization\",\"@id\":\"https:\\\/\\\/distribuidoraepso.com.ar\\\/dysepso\\\/#organization\",\"name\":\"DYSEPSO\",\"url\":\"https:\\\/\\\/distribuidoraepso.com.ar\\\/dysepso\\\/\",\"logo\":{\"@type\":\"ImageObject\",\"inLanguage\":\"es\",\"@id\":\"https:\\\/\\\/distribuidoraepso.com.ar\\\/dysepso\\\/#\\\/schema\\\/logo\\\/image\\\/\",\"url\":\"https:\\\/\\\/distribuidoraepso.com.ar\\\/dysepso\\\/wp-content\\\/uploads\\\/2022\\\/07\\\/logo.jpg\",\"contentUrl\":\"https:\\\/\\\/distribuidoraepso.com.ar\\\/dysepso\\\/wp-content\\\/uploads\\\/2022\\\/07\\\/logo.jpg\",\"width\":1024,\"height\":541,\"caption\":\"DYSEPSO\"},\"image\":{\"@id\":\"https:\\\/\\\/distribuidoraepso.com.ar\\\/dysepso\\\/#\\\/schema\\\/logo\\\/image\\\/\"}}]}<\/script>\n<!-- \/ Yoast SEO plugin. -->","yoast_head_json":{"title":"Home - DYSEPSO","robots":{"index":"index","follow":"follow","max-snippet":"max-snippet:-1","max-image-preview":"max-image-preview:large","max-video-preview":"max-video-preview:-1"},"canonical":"https:\/\/distribuidoraepso.com.ar\/dysepso\/","og_locale":"es_ES","og_type":"article","og_title":"Home - DYSEPSO","og_description":"Somos DYS EPSO SRL., Distribuidora joven nacida en 2019 a instancias de nuestro innovador producto DUN DUN (Adhesivo de mamposter\u00edas), producto de origen brasilero de la Empresa FCC, especialistas en [&hellip;]","og_url":"https:\/\/distribuidoraepso.com.ar\/dysepso\/","og_site_name":"DYSEPSO","article_modified_time":"2023-06-09T19:08:49+00:00","og_image":[{"url":"https:\/\/distribuidoraepso.com.ar\/dysepso\/wp-content\/uploads\/2022\/09\/001-e1682097661641-293x300.jpg","type":"","width":"","height":""}],"twitter_card":"summary_large_image","twitter_misc":{"Tiempo de lectura":"2 minutos"},"schema":{"@context":"https:\/\/schema.org","@graph":[{"@type":"WebPage","@id":"https:\/\/distribuidoraepso.com.ar\/dysepso\/","url":"https:\/\/distribuidoraepso.com.ar\/dysepso\/","name":"Home - DYSEPSO","isPartOf":{"@id":"https:\/\/distribuidoraepso.com.ar\/dysepso\/#website"},"primaryImageOfPage":{"@id":"https:\/\/distribuidoraepso.com.ar\/dysepso\/#primaryimage"},"image":{"@id":"https:\/\/distribuidoraepso.com.ar\/dysepso\/#primaryimage"},"thumbnailUrl":"https:\/\/distribuidoraepso.com.ar\/dysepso\/wp-content\/uploads\/2022\/09\/001-e1682097661641-293x300.jpg","datePublished":"2022-07-01T18:23:31+00:00","dateModified":"2023-06-09T19:08:49+00:00","breadcrumb":{"@id":"https:\/\/distribuidoraepso.com.ar\/dysepso\/#breadcrumb"},"inLanguage":"es","potentialAction":[{"@type":"ReadAction","target":["https:\/\/distribuidoraepso.com.ar\/dysepso\/"]}]},{"@type":"ImageObject","inLanguage":"es","@id":"https:\/\/distribuidoraepso.com.ar\/dysepso\/#primaryimage","url":"https:\/\/distribuidoraepso.com.ar\/dysepso\/wp-content\/uploads\/2022\/09\/001-e1682097661641.jpg","contentUrl":"https:\/\/distribuidoraepso.com.ar\/dysepso\/wp-content\/uploads\/2022\/09\/001-e1682097661641.jpg","width":953,"height":975},{"@type":"BreadcrumbList","@id":"https:\/\/distribuidoraepso.com.ar\/dysepso\/#breadcrumb","itemListElement":[{"@type":"ListItem","position":1,"name":"Portada","item":"https:\/\/distribuidoraepso.com.ar\/dysepso\/"},{"@type":"ListItem","position":2,"name":"Home"}]},{"@type":"WebSite","@id":"https:\/\/distribuidoraepso.com.ar\/dysepso\/#website","url":"https:\/\/distribuidoraepso.com.ar\/dysepso\/","name":"DYSEPSO","description":"","publisher":{"@id":"https:\/\/distribuidoraepso.com.ar\/dysepso\/#organization"},"potentialAction":[{"@type":"SearchAction","target":{"@type":"EntryPoint","urlTemplate":"https:\/\/distribuidoraepso.com.ar\/dysepso\/?s={search_term_string}"},"query-input":{"@type":"PropertyValueSpecification","valueRequired":true,"valueName":"search_term_string"}}],"inLanguage":"es"},{"@type":"Organization","@id":"https:\/\/distribuidoraepso.com.ar\/dysepso\/#organization","name":"DYSEPSO","url":"https:\/\/distribuidoraepso.com.ar\/dysepso\/","logo":{"@type":"ImageObject","inLanguage":"es","@id":"https:\/\/distribuidoraepso.com.ar\/dysepso\/#\/schema\/logo\/image\/","url":"https:\/\/distribuidoraepso.com.ar\/dysepso\/wp-content\/uploads\/2022\/07\/logo.jpg","contentUrl":"https:\/\/distribuidoraepso.com.ar\/dysepso\/wp-content\/uploads\/2022\/07\/logo.jpg","width":1024,"height":541,"caption":"DYSEPSO"},"image":{"@id":"https:\/\/distribuidoraepso.com.ar\/dysepso\/#\/schema\/logo\/image\/"}}]}},"_links":{"self":[{"href":"https:\/\/distribuidoraepso.com.ar\/dysepso\/index.php\/wp-json\/wp\/v2\/pages\/35","targetHints":{"allow":["GET"]}}],"collection":[{"href":"https:\/\/distribuidoraepso.com.ar\/dysepso\/index.php\/wp-json\/wp\/v2\/pages"}],"about":[{"href":"https:\/\/distribuidoraepso.com.ar\/dysepso\/index.php\/wp-json\/wp\/v2\/types\/page"}],"author":[{"embeddable":true,"href":"https:\/\/distribuidoraepso.com.ar\/dysepso\/index.php\/wp-json\/wp\/v2\/users\/1"}],"replies":[{"embeddable":true,"href":"https:\/\/distribuidoraepso.com.ar\/dysepso\/index.php\/wp-json\/wp\/v2\/comments?post=35"}],"version-history":[{"count":240,"href":"https:\/\/distribuidoraepso.com.ar\/dysepso\/index.php\/wp-json\/wp\/v2\/pages\/35\/revisions"}],"predecessor-version":[{"id":654,"href":"https:\/\/distribuidoraepso.com.ar\/dysepso\/index.php\/wp-json\/wp\/v2\/pages\/35\/revisions\/654"}],"wp:attachment":[{"href":"https:\/\/distribuidoraepso.com.ar\/dysepso\/index.php\/wp-json\/wp\/v2\/media?parent=35"}],"curies":[{"name":"wp","href":"https:\/\/api.w.org\/{rel}","templated":true}]}}